{"id":7867,"date":"2020-04-17T14:01:40","date_gmt":"2020-04-17T12:01:40","guid":{"rendered":"http:\/\/hydro-partner.pl\/?page_id=7867"},"modified":"2020-06-16T14:50:42","modified_gmt":"2020-06-16T12:50:42","slug":"suche-przepompownie-sciekow","status":"publish","type":"page","link":"https:\/\/hydro-partner.pl\/produkty\/suche-przepompownie-sciekow\/","title":{"rendered":"Suche przepompownie \u015bciek\u00f3w HDP"},"content":{"rendered":"<p>[vc_row overlay=&#8221;rd_hover_goliath&#8221; overlay_color=&#8221;&#8221; port_type=&#8221;port_type_5&#8243; port_bg_color=&#8221;&#8221; port_title_color=&#8221;&#8221; port_text_color=&#8221;&#8221; port_button_color=&#8221;&#8221; port_border_color=&#8221;&#8221; port_hover_bg_color=&#8221;&#8221; port_hover_title_color=&#8221;&#8221; port_hover_text_color=&#8221;&#8221; port_hover_button_color=&#8221;&#8221; port_hover_border_color=&#8221;&#8221; desc_title=&#8221;&#8221; desc_cat=&#8221;&#8221; overlay_color_2=&#8221;&#8221; desc_border=&#8221;&#8221; port_thumbnail=&#8221;thumbnail_type_2&#8243; port_layout=&#8221;3 columns&#8221; category=&#8221;pompy&#8221; tags=&#8221;all&#8221; port_order=&#8221;DESC&#8221; port_orderby=&#8221;date&#8221; target=&#8221;_self&#8221; port_start=&#8221;8&#8243; filter=&#8221;yes&#8221; filter_type=&#8221;filter_type_1&#8243; filter_text_color=&#8221;&#8221; filter_background_color=&#8221;&#8221; filter_border_color=&#8221;&#8221; selected_filter_bg_color=&#8221;&#8221; port_navigation=&#8221;&#8221; nav_bg=&#8221;&#8221; nav_color=&#8221;&#8221; nav_border=&#8221;&#8221; nav_hover_color=&#8221;&#8221; nav_hover_bg=&#8221;&#8221; port_click=&#8221;4&#8243; button_bg=&#8221;&#8221; button_title=&#8221;&#8221; button_border=&#8221;&#8221; button_hover_title=&#8221;&#8221; button_hover_bg=&#8221;&#8221;][vc_column][vc_custom_heading text=&#8221;SUCHE PRZEPOMPOWNIE \u015aCIEK\u00d3W HDP&#8221; font_container=&#8221;tag:h2|font_size:30|text_align:center|color:%235b5b5b|line_height:3&#8243; google_fonts=&#8221;font_family:Lato%3A100%2C100italic%2C300%2C300italic%2Cregular%2Citalic%2C700%2C700italic%2C900%2C900italic|font_style:900%20bold%20regular%3A900%3Anormal&#8221; css=&#8221;.vc_custom_1592225170410{margin-bottom: 50px !important;}&#8221; el_class=&#8221;letterspacing-3&#8243;][\/vc_column][\/vc_row][vc_row][vc_column]<style type=\"text\/css\" >#ic_y88yyyg3vnqbhyfjxbyy {margin:0px auto 0px; }#ic_y88yyyg3vnqbhyfjxbyy .owl-prev,#ic_y88yyyg3vnqbhyfjxbyy .owl-next{border-color:#ecf0f1; background:#ffffff; color:#a1b1bc; }#ic_y88yyyg3vnqbhyfjxbyy .owl-prev:hover,#ic_y88yyyg3vnqbhyfjxbyy .owl-next:hover{background:#f9fafb; color:#2c3e50; }#ic_y88yyyg3vnqbhyfjxbyy .owl-prev:before,#ic_y88yyyg3vnqbhyfjxbyy .owl-next:after{border-color:#a1b1bc; }#ic_y88yyyg3vnqbhyfjxbyy .owl-prev:hover::before,#ic_y88yyyg3vnqbhyfjxbyy .owl-next:hover::after{border-color:#2c3e50; }#ic_y88yyyg3vnqbhyfjxbyy .owl-dot{ background:#ffffff; border-color:#ecf0f1; }#ic_y88yyyg3vnqbhyfjxbyy .owl-dot.active{ background:#1c83d8; border-color:#ecf0f1;}<\/style><script type=\"text\/javascript\" charset=\"utf-8\">\r\n\r\n\t\tjQuery.noConflict();\r\n\t\/\/setup up Carousel\r\n\t\tjQuery(document).ready(function($) {\r\n\t\"use strict\";\r\n\t$(window).load(function(){\r\n\t\t$(\"#ic_y88yyyg3vnqbhyfjxbyy\").owlCarousel({\r\n\t\t\trtl: $(\"body\").hasClass(\"rtl\") ? true : false,\r\n\t\t\tresponsiveClass:true,\r\n\t\t\tcenter:true,\r\n\t\t\tloop:true,\r\n\t\t\tresponsive:{\r\n\t\t\t\t0:{\r\n\t\t\t\t\titems:1,\r\n\t\t\t    },\r\n\t\t\t    780:{\r\n\t\t\t        items:2,\r\n\t\t\t\t},\r\n\t\t\t\t1000:{\r\n\t\t\t\t    items:2,\r\n\t\t\t\t},\r\n\t\t\t},\r\n\t\t\t autoplay:true,\r\n\t\t\t autoplaySpeed: 800,\r\n\t   \t \t dots:true,\r\n\t\t\t nav:true,\r\n\t\r\n\t\t});\r\n\t});\r\n});\r\n\r\n<\/script><div class=\"tt_testimonials_ctn rd_ic_center   \" id=\"ic_y88yyyg3vnqbhyfjxbyy\" style=\"margin-top:0px; margin-bottom:0px;\"><a href=\"https:\/\/hydro-partner.pl\/wp-content\/uploads\/2020\/06\/Resized_20191017_103933x.jpeg\"  rel=\"prettyPhoto[rel-y88yyyg3vnqbhyfjxbyy]\" ><img loading=\"lazy\" decoding=\"async\" width=\"700\" height=\"933\" src=\"https:\/\/hydro-partner.pl\/wp-content\/uploads\/2020\/06\/Resized_20191017_103933x.jpeg\" class=\"attachment-full\" alt=\"\" srcset=\"https:\/\/hydro-partner.pl\/wp-content\/uploads\/2020\/06\/Resized_20191017_103933x.jpeg 700w, https:\/\/hydro-partner.pl\/wp-content\/uploads\/2020\/06\/Resized_20191017_103933x-225x300.jpeg 225w\" sizes=\"(max-width: 700px) 100vw, 700px\" \/><\/a><a href=\"https:\/\/hydro-partner.pl\/wp-content\/uploads\/2020\/06\/Resized_20191017_101106x.jpeg\"  rel=\"prettyPhoto[rel-y88yyyg3vnqbhyfjxbyy]\" ><img loading=\"lazy\" decoding=\"async\" width=\"700\" height=\"933\" src=\"https:\/\/hydro-partner.pl\/wp-content\/uploads\/2020\/06\/Resized_20191017_101106x.jpeg\" class=\"attachment-full\" alt=\"\" srcset=\"https:\/\/hydro-partner.pl\/wp-content\/uploads\/2020\/06\/Resized_20191017_101106x.jpeg 700w, https:\/\/hydro-partner.pl\/wp-content\/uploads\/2020\/06\/Resized_20191017_101106x-225x300.jpeg 225w\" sizes=\"(max-width: 700px) 100vw, 700px\" \/><\/a><a href=\"https:\/\/hydro-partner.pl\/wp-content\/uploads\/2020\/06\/Resized_20191017_101032x.jpeg\"  rel=\"prettyPhoto[rel-y88yyyg3vnqbhyfjxbyy]\" ><img loading=\"lazy\" decoding=\"async\" width=\"700\" height=\"933\" src=\"https:\/\/hydro-partner.pl\/wp-content\/uploads\/2020\/06\/Resized_20191017_101032x.jpeg\" class=\"attachment-full\" alt=\"\" srcset=\"https:\/\/hydro-partner.pl\/wp-content\/uploads\/2020\/06\/Resized_20191017_101032x.jpeg 700w, https:\/\/hydro-partner.pl\/wp-content\/uploads\/2020\/06\/Resized_20191017_101032x-225x300.jpeg 225w\" sizes=\"(max-width: 700px) 100vw, 700px\" \/><\/a><\/div>[\/vc_column][\/vc_row][vc_row css=&#8221;.vc_custom_1587124525329{margin-right: 35px !important;margin-left: 35px !important;}&#8221;][vc_column css=&#8221;.vc_custom_1592223574832{margin-right: 75px !important;margin-left: 75px !important;}&#8221; font_color=&#8221;#666666&#8243;][vc_column_text]<\/p>\n<p style=\"font-weight: 400;\">Projektujemy, budujemy, dostarczamy, modernizujemy kompletne suche przepompownie \u015bciek\u00f3w w wersjach materia\u0142owych uzgodnionych z inwestorem, eksploatatorem lub generalnym wykonawc\u0105.<\/p>\n<p style=\"font-weight: 400;\">Suche przepompownie \u015bciek\u00f3w HDP s\u0105 uk\u0142adami pompowymi, kt\u00f3re podobnie jak mokre przepompownie s\u0142u\u017c\u0105 do transportu \u015bciek\u00f3w w systemach<\/p>\n<p style=\"font-weight: 400;\">sieci kanalizacyjnych na odleg\u0142o\u015b\u0107 lub wy\u017cszy poziom. Stosuje si\u0119 je w miejscach, gdzie ze wzgl\u0119du na specyficzne ukszta\u0142towanie terenu i wyst\u0119puj\u0105ce przeszkody budowlane nie ma mo\u017cliwo\u015bci budowy sieci grawitacyjnych.<\/p>\n<p style=\"font-weight: 400;\">Takie rozwi\u0105zanie zapewnia eksploatatorowi dost\u0119p do pomp z poziomu suchego zbiornika, co stanowi istotny wzrost bezpiecze\u0144stwa dla pracownik\u00f3w obs\u0142uguj\u0105cych przepompowni\u0119.<\/p>\n<p style=\"font-weight: 400;\">HDP stosuje si\u0119 do transportu \u015bciek\u00f3w bytowo-gospodarczych i prze\u00admys\u0142owych jako g\u0142\u00f3wne, sieciowe i lokalne suche przepompownie \u015bciek\u00f3w.<\/p>\n<p style=\"font-weight: 400;\">HDP mog\u0105 zosta\u0107 r\u00f3wnie\u017c zastosowane jako obiekty technologiczne z such\u0105 lokalizacj\u0105 pomp na oczyszczalniach \u015bciek\u00f3w komunalnych lub przemys\u0142owych.<\/p>\n<p style=\"font-weight: 400;\"><strong>KORZY\u015aCI p\u0142yn\u0105ce z zastosowania suchych przepompowni HDP<\/strong><\/p>\n<ul style=\"font-weight: 400;\">\n<li>Bezpiecze\u0144stwo oraz \u0142atwo\u015b\u0107 obs\u0142ugi poprzez zastosowanie komory suchej, w kt\u00f3rej odbywaj\u0105 si\u0119 czynno\u015bci eksploatacyjne<\/li>\n<li>Zapobieganie zagniwaniu \u015bciek\u00f3w oraz powstawaniu odor\u00f3w poprzez graniczenie przestrzeni retencyjnej w zbiorniku rozdzielczym<\/li>\n<li>Zminimalizowanie ryzyka zablokowania pomp wskutek stopniowego dop\u0142ywu \u015bciek\u00f3w z cz\u0119\u015bciami sta\u0142ymi przez poziomy zbiornik retencyjny<\/li>\n<li>Mo\u017cliwo\u015b\u0107 zastosowania pomp dowolnego producenta<\/li>\n<li>Mo\u017cliwo\u015b\u0107 zabudowy w bliskim s\u0105siedztwie budynk\u00f3w mieszkalnych lub gospodarczych<\/li>\n<\/ul>\n<p style=\"font-weight: 400;\"><strong>DANE TECHNICZNE<\/strong><\/p>\n<ul style=\"font-weight: 400;\">\n<li>Mo\u017cliwo\u015b\u0107 zastosowania pomp dowolnego producenta<\/li>\n<li>Maksymalny dop\u0142yw do HDP: 575 m<sup>3<\/sup>\/h<\/li>\n<\/ul>\n<p style=\"font-weight: 400;\"><strong>OPIS DZIA\u0141ANIA suchej przepompowni \u015bciek\u00f3w HDP.<\/strong><\/p>\n<p style=\"font-weight: 400;\">Sucha przepompownia \u015bciek\u00f3w HDP stanowi kompletne, w pe\u0142ni zautomatyzowane urz\u0105dzenie, sk\u0142adaj\u0105ce si\u0119 z prefabrykowanego zestawu technologicznego zabudowa\u00adnego wraz z pompami w komorze suchej i wsp\u00f3\u0142pracuj\u0105cego z zewn\u0119trznym rurowym zbiornikiem retencyjnym.\u00a0\u015acieki dop\u0142ywaj\u0105 do przepompowni przez studni\u0119 kaskadow\u0105 i poziomy rurowy zbiornik retencyjny. S\u0105 one kierowane do zbiornika rozdzielczego z przy\u0142\u0105czonymi zespo\u0142ami pompowymi, kt\u00f3re automatycznie za\u0142\u0105czaj\u0105 si\u0119 naprzemiennie po osi\u0105gni\u0119ciu odpowiedniego poziomu \u015bciek\u00f3w w zbiorniku rozdzielczym. Poziom ten jest mierzony za pomoc\u0105 przetwornika ci\u015bnienia hydrostatycznego, a w przypadku jego awarii &#8211; za pomoc\u0105 czujnik\u00f3w alarmowych wysokiego i niskiego poziomu. Przetwornik i czujniki zainstalowane w zbiorniku rozdzielczym wsp\u00f3\u0142pra\u00adcuj\u0105 z rozdzielnic\u0105 elektryczn\u0105 realizuj\u0105c\u0105 zadany algorytm sterowania w systemie pracy automatycznej.\u00a0Przy intensywnym nap\u0142ywie i przekroczeniu poziomu za\u0142\u0105czenia jednej pompy, nast\u0119puje za\u0142\u0105czenie drugiej. Pojemno\u015b\u0107 zbiornika rozdzielczego, jak i wydajno\u015b\u0107 oraz ilo\u015b\u0107 zespo\u0142\u00f3w pompowych dobrane s\u0105 z uwzgl\u0119dnieniem ilo\u015bci dop\u0142ywaj\u0105cych \u015bciek\u00f3w. Ca\u0142o\u015b\u0107 suchej przepompowni \u015bciek\u00f3w zabudowana jest w komorze suchej (prefabryko\u00adwane kr\u0119gi betonowe lub polimerobetonowe albo gotowe studnie z tworzyw sztucznych), co umo\u017cliwia bezpo\u015bredni wgl\u0105d w prawid\u0142owo\u015b\u0107 pracy przepompowni oraz u\u0142atwia demonta\u017c, wymian\u0119 i konserwacj\u0119 jej poszczeg\u00f3lnych element\u00f3w w higienicznych warunkach.<\/p>\n<p>[\/vc_column_text][\/vc_column][\/vc_row]<\/p>\n","protected":false},"excerpt":{"rendered":"<p>[vc_row overlay=&#8221;rd_hover_goliath&#8221; overlay_color=&#8221;&#8221; port_type=&#8221;port_type_5&#8243; port_bg_color=&#8221;&#8221; port_title_color=&#8221;&#8221; port_text_color=&#8221;&#8221; port_button_color=&#8221;&#8221; port_border_color=&#8221;&#8221; port_hover_bg_color=&#8221;&#8221; port_hover_title_color=&#8221;&#8221; port_hover_text_color=&#8221;&#8221; port_hover_button_color=&#8221;&#8221; port_hover_border_color=&#8221;&#8221; desc_title=&#8221;&#8221; desc_cat=&#8221;&#8221; overlay_color_2=&#8221;&#8221; desc_border=&#8221;&#8221; port_thumbnail=&#8221;thumbnail_type_2&#8243; port_layout=&#8221;3 columns&#8221; category=&#8221;pompy&#8221; tags=&#8221;all&#8221; port_order=&#8221;DESC&#8221; port_orderby=&#8221;date&#8221; target=&#8221;_self&#8221; port_start=&#8221;8&#8243; filter=&#8221;yes&#8221; filter_type=&#8221;filter_type_1&#8243; filter_text_color=&#8221;&#8221; filter_background_color=&#8221;&#8221; filter_border_color=&#8221;&#8221; selected_filter_bg_color=&#8221;&#8221; port_navigation=&#8221;&#8221; nav_bg=&#8221;&#8221; nav_color=&#8221;&#8221; nav_border=&#8221;&#8221; nav_hover_color=&#8221;&#8221; nav_hover_bg=&#8221;&#8221; port_click=&#8221;4&#8243; button_bg=&#8221;&#8221; button_title=&#8221;&#8221; button_border=&#8221;&#8221; button_hover_title=&#8221;&#8221; button_hover_bg=&#8221;&#8221;][vc_column][vc_custom_heading text=&#8221;SUCHE PRZEPOMPOWNIE \u015aCIEK\u00d3W HDP&#8221; font_container=&#8221;tag:h2|font_size:30|text_align:center|color:%235b5b5b|line_height:3&#8243; google_fonts=&#8221;font_family:Lato%3A100%2C100italic%2C300%2C300italic%2Cregular%2Citalic%2C700%2C700italic%2C900%2C900italic|font_style:900%20bold%20regular%3A900%3Anormal&#8221; css=&#8221;.vc_custom_1592225170410{margin-bottom: 50px !important;}&#8221; el_class=&#8221;letterspacing-3&#8243;][\/vc_column][\/vc_row][vc_row][vc_column][\/vc_column][\/vc_row][vc_row<br \/><a href=\"https:\/\/hydro-partner.pl\/produkty\/suche-przepompownie-sciekow\/\" class=\"more\">Read more<\/a><\/p>\n","protected":false},"author":1,"featured_media":0,"parent":7765,"menu_order":0,"comment_status":"closed","ping_status":"open","template":"","meta":{"_uf_show_specific_survey":0,"_uf_disable_surveys":false,"footnotes":""},"_links":{"self":[{"href":"https:\/\/hydro-partner.pl\/wp-json\/wp\/v2\/pages\/7867"}],"collection":[{"href":"https:\/\/hydro-partner.pl\/wp-json\/wp\/v2\/pages"}],"about":[{"href":"https:\/\/hydro-partner.pl\/wp-json\/wp\/v2\/types\/page"}],"author":[{"embeddable":true,"href":"https:\/\/hydro-partner.pl\/wp-json\/wp\/v2\/users\/1"}],"replies":[{"embeddable":true,"href":"https:\/\/hydro-partner.pl\/wp-json\/wp\/v2\/comments?post=7867"}],"version-history":[{"count":10,"href":"https:\/\/hydro-partner.pl\/wp-json\/wp\/v2\/pages\/7867\/revisions"}],"predecessor-version":[{"id":8019,"href":"https:\/\/hydro-partner.pl\/wp-json\/wp\/v2\/pages\/7867\/revisions\/8019"}],"up":[{"embeddable":true,"href":"https:\/\/hydro-partner.pl\/wp-json\/wp\/v2\/pages\/7765"}],"wp:attachment":[{"href":"https:\/\/hydro-partner.pl\/wp-json\/wp\/v2\/media?parent=7867"}],"curies":[{"name":"wp","href":"https:\/\/api.w.org\/{rel}","templated":true}]}}