{"id":7888,"date":"2020-04-17T14:55:04","date_gmt":"2020-04-17T12:55:04","guid":{"rendered":"http:\/\/hydro-partner.pl\/?page_id=7888"},"modified":"2020-08-05T13:59:05","modified_gmt":"2020-08-05T11:59:05","slug":"uslugi-2","status":"publish","type":"page","link":"https:\/\/hydro-partner.pl\/uslugi-2\/","title":{"rendered":"Us\u0142ugi"},"content":{"rendered":"<p>[vc_row][vc_column][vc_custom_heading text=&#8221;US\u0141UGI&#8221; font_container=&#8221;tag:h2|font_size:30|text_align:center|color:%235b5b5b|line_height:3&#8243; google_fonts=&#8221;font_family:Lato%3A100%2C100italic%2C300%2C300italic%2Cregular%2Citalic%2C700%2C700italic%2C900%2C900italic|font_style:900%20bold%20regular%3A900%3Anormal&#8221; el_class=&#8221;letterspacing-3&#8243;][\/vc_column][\/vc_row][vc_row][vc_column]<style type=\"text\/css\" >#ic_53axjlm3soycxuhga18n {margin:0px auto 0px; }#ic_53axjlm3soycxuhga18n .owl-prev,#ic_53axjlm3soycxuhga18n .owl-next{border-color:#ecf0f1; background:#ffffff; color:#a1b1bc; }#ic_53axjlm3soycxuhga18n .owl-prev:hover,#ic_53axjlm3soycxuhga18n .owl-next:hover{background:#f9fafb; color:#2c3e50; }#ic_53axjlm3soycxuhga18n .owl-prev:before,#ic_53axjlm3soycxuhga18n .owl-next:after{border-color:#a1b1bc; }#ic_53axjlm3soycxuhga18n .owl-prev:hover::before,#ic_53axjlm3soycxuhga18n .owl-next:hover::after{border-color:#2c3e50; }#ic_53axjlm3soycxuhga18n .owl-dot{ background:#ffffff; border-color:#ecf0f1; }#ic_53axjlm3soycxuhga18n .owl-dot.active{ background:#1c83d8; border-color:#ecf0f1;}<\/style><script type=\"text\/javascript\" charset=\"utf-8\">\r\n\r\n\t\tjQuery.noConflict();\r\n\t\/\/setup up Carousel\r\n\t\tjQuery(document).ready(function($) {\r\n\t\"use strict\";\r\n\t$(window).load(function(){\r\n\t\t$(\"#ic_53axjlm3soycxuhga18n\").owlCarousel({\r\n\t\t\trtl: $(\"body\").hasClass(\"rtl\") ? true : false,\r\n\t\t\tresponsiveClass:true,\r\n\t\t\tcenter:true,\r\n\t\t\tloop:true,\r\n\t\t\tresponsive:{\r\n\t\t\t\t0:{\r\n\t\t\t\t\titems:1,\r\n\t\t\t    },\r\n\t\t\t    780:{\r\n\t\t\t        items:2,\r\n\t\t\t\t},\r\n\t\t\t\t1000:{\r\n\t\t\t\t    items:2,\r\n\t\t\t\t},\r\n\t\t\t},\r\n\t\t\t autoplay:true,\r\n\t\t\t autoplaySpeed: 800,\r\n\t   \t \t dots:true,\r\n\t\t\t nav:true,\r\n\t\r\n\t\t});\r\n\t});\r\n});\r\n\r\n<\/script><div class=\"tt_testimonials_ctn rd_ic_center   \" id=\"ic_53axjlm3soycxuhga18n\" style=\"margin-top:0px; margin-bottom:0px;\"><a href=\"https:\/\/hydro-partner.pl\/wp-content\/uploads\/2020\/06\/20200131_123432x.jpg\"  rel=\"prettyPhoto[rel-53axjlm3soycxuhga18n]\" ><img loading=\"lazy\" decoding=\"async\" width=\"700\" height=\"933\" src=\"https:\/\/hydro-partner.pl\/wp-content\/uploads\/2020\/06\/20200131_123432x.jpg\" class=\"attachment-full\" alt=\"\" srcset=\"https:\/\/hydro-partner.pl\/wp-content\/uploads\/2020\/06\/20200131_123432x.jpg 700w, https:\/\/hydro-partner.pl\/wp-content\/uploads\/2020\/06\/20200131_123432x-225x300.jpg 225w\" sizes=\"(max-width: 700px) 100vw, 700px\" \/><\/a><a href=\"https:\/\/hydro-partner.pl\/wp-content\/uploads\/2020\/06\/20200305_070841x.jpg\"  rel=\"prettyPhoto[rel-53axjlm3soycxuhga18n]\" ><img loading=\"lazy\" decoding=\"async\" width=\"700\" height=\"933\" src=\"https:\/\/hydro-partner.pl\/wp-content\/uploads\/2020\/06\/20200305_070841x.jpg\" class=\"attachment-full\" alt=\"\" srcset=\"https:\/\/hydro-partner.pl\/wp-content\/uploads\/2020\/06\/20200305_070841x.jpg 700w, https:\/\/hydro-partner.pl\/wp-content\/uploads\/2020\/06\/20200305_070841x-225x300.jpg 225w\" sizes=\"(max-width: 700px) 100vw, 700px\" \/><\/a><a href=\"https:\/\/hydro-partner.pl\/wp-content\/uploads\/2020\/06\/IMG_5151x-683x1024.jpg\"  rel=\"prettyPhoto[rel-53axjlm3soycxuhga18n]\" ><img loading=\"lazy\" decoding=\"async\" width=\"700\" height=\"1050\" src=\"https:\/\/hydro-partner.pl\/wp-content\/uploads\/2020\/06\/IMG_5151x.jpg\" class=\"attachment-full\" alt=\"\" srcset=\"https:\/\/hydro-partner.pl\/wp-content\/uploads\/2020\/06\/IMG_5151x.jpg 700w, https:\/\/hydro-partner.pl\/wp-content\/uploads\/2020\/06\/IMG_5151x-200x300.jpg 200w, https:\/\/hydro-partner.pl\/wp-content\/uploads\/2020\/06\/IMG_5151x-683x1024.jpg 683w\" sizes=\"(max-width: 700px) 100vw, 700px\" \/><\/a><\/div>[\/vc_column][\/vc_row][vc_row type=&#8221;full-width-section&#8221; content_placement=&#8221;middle&#8221; css=&#8221;.vc_custom_1587128516948{margin-bottom: 0px !important;padding-top: 64px !important;padding-bottom: 0px !important;}&#8221;][vc_column][vc_custom_heading text=&#8221;US\u0141UGI&#8221; font_container=&#8221;tag:h2|font_size:18|text_align:center|color:%232c3e50&#8243; google_fonts=&#8221;font_family:Lato%3A100%2C100italic%2C300%2C300italic%2Cregular%2Citalic%2C700%2C700italic%2C900%2C900italic|font_style:900%20bold%20regular%3A900%3Anormal&#8221; css=&#8221;.vc_custom_1587128834177{margin-bottom: 13px !important;}&#8221;][vc_column_text el_class=&#8221;letterspacing-1 width-1000&#8243; css=&#8221;.vc_custom_1587134174309{margin-bottom: 24px !important;}&#8221; css_animation=&#8221;bottom-to-top&#8221;]<\/p>\n<p style=\"text-align: center;\"><strong><span style=\"color: #808080;\">HYDRO-PARTNER dzi\u0119ki wysokiemu potencja\u0142owi ludzkiemu i technicznemu \u015bwiadczy szeroki wachlarz us\u0142ug zar\u00f3wno dla bran\u017cy wod.-kan. jak i dla zak\u0142ad\u00f3w przemys\u0142owych.<br \/>\nDo\u015bwiadczona kadra in\u017cynierska i techniczna odpowiedzialna za realizacj\u0119 skierowanych do nas przez klient\u00f3w zlece\u0144 wykonuje m.in.:<\/span><\/strong><\/p>\n<ul>\n<li style=\"text-align: center;\">projekty, budowy i modernizacje Stacji Uzdatniania Wody<\/li>\n<li style=\"text-align: center;\">budowy i modernizacje podczyszczalni i oczyszczalni \u015bciek\u00f3w<\/li>\n<li style=\"text-align: center;\">modernizacje przepompowni \u015bciek\u00f3w<\/li>\n<li style=\"text-align: center;\">modernizacje zestaw\u00f3w hydroforowych<\/li>\n<li style=\"text-align: center;\">modernizacje i remonty w zakresie AKPiA<\/li>\n<li style=\"text-align: center;\">remonty pomp<\/li>\n<li style=\"text-align: center;\">serwis \u2013 \u015bwiadczymy us\u0142ugi serwisowe gwarancyjne i pogwarancyjne<\/li>\n<li style=\"text-align: center;\">Call Center \u2013 zdalny serwis itd<\/li>\n<\/ul>\n<p>[\/vc_column_text]<style type=\"text\/css\" >#l_arh2vbvkvy2nofsisba4.sc_vline {background:#a1b1bc; min-height:53px; width:2px;}#l_arh2vbvkvy2nofsisba4{margin:7px auto 0px auto; padding:0;}<\/style><div class=\"clearfix\"><\/div><div id=\"l_arh2vbvkvy2nofsisba4\"  class=\"sc_vline\" ><\/div>[vc_empty_space height=&#8221;64px&#8221;][\/vc_column][\/vc_row][vc_row content_placement=&#8221;middle&#8221;][vc_column width=&#8221;1\/3&#8243;]<style type='text\/css'> @font-face{font-family: 'elg'; src:url('https:\/\/hydro-partner.pl\/wp-content\/themes\/thefox_full_package\/thefox\/includes\/4k-icons\/icons\/4k-icons-pack02\/icons\/fonts\/elg.eot'); src:url('https:\/\/hydro-partner.pl\/wp-content\/themes\/thefox_full_package\/thefox\/includes\/4k-icons\/icons\/4k-icons-pack02\/icons\/fonts\/elg.eot?#iefix') format('embedded-opentype'), url('https:\/\/hydro-partner.pl\/wp-content\/themes\/thefox_full_package\/thefox\/includes\/4k-icons\/icons\/4k-icons-pack02\/icons\/fonts\/elg.woff') format('woff'), url('https:\/\/hydro-partner.pl\/wp-content\/themes\/thefox_full_package\/thefox\/includes\/4k-icons\/icons\/4k-icons-pack02\/icons\/fonts\/elg.ttf') format('truetype'), url('https:\/\/hydro-partner.pl\/wp-content\/themes\/thefox_full_package\/thefox\/includes\/4k-icons\/icons\/4k-icons-pack02\/icons\/fonts\/elg.svg#oi') format('svg'); font-weight: normal; font-style: normal;}#rand_8xcjjzdztknsbdabazbi .elg-icon_lightbulb_alt:before{font-family: 'elg'; font-weight: normal; font-style: normal;}#rand_8xcjjzdztknsbdabazbi .elg-icon_lightbulb_alt:before{content: \"\\e007\";}<\/style>\n<style type=\"text\/css\" >#rand_8xcjjzdztknsbdabazbi:hover {background:#2c3e50 !important; border:1px solid #ecf0f1 !important; color:#ffffff!important;}#rand_8xcjjzdztknsbdabazbi:hover .icon_circle i{color:#ffffff !important;}#rand_8xcjjzdztknsbdabazbi:hover h3{color:#ffffff !important;}#rand_8xcjjzdztknsbdabazbi:hover .box_btn{ color:#fff!important;   }#rand_8xcjjzdztknsbdabazbi:hover p{ color:#ffffff;}<\/style> <a href=\"https:\/\/hydro-partner.pl\/uslugi-2\/serwis\/\" target=\"_self\" ><div id=\"rand_8xcjjzdztknsbdabazbi\" class=\"icon_box2_trending \" style=\"padding: 43px 30px 27px 30px; background:rgba(0,0,0,0); border:1px solid #e9eff1;\"><div class=\"icon_circle\"><i class=\"elg-icon_lightbulb_alt\" style=\"color:#2c3e50;\"><\/i><\/div><h3 style=\"color:;\">Serwis<\/h3><p style=\"color:;\" ><\/p><a class=\"box_btn\" style=\"color:#1c83d8; \" href=\"https:\/\/hydro-partner.pl\/uslugi-2\/serwis\/\" target=\"_self\">Dowiedz si\u0119 wi\u0119cej<\/a><\/div><\/a>[vc_empty_space height=&#8221;40px&#8221;][\/vc_column][vc_column width=&#8221;1\/3&#8243;]<style type='text\/css'> @font-face{font-family: 'elg'; src:url('https:\/\/hydro-partner.pl\/wp-content\/themes\/thefox_full_package\/thefox\/includes\/4k-icons\/icons\/4k-icons-pack02\/icons\/fonts\/elg.eot'); src:url('https:\/\/hydro-partner.pl\/wp-content\/themes\/thefox_full_package\/thefox\/includes\/4k-icons\/icons\/4k-icons-pack02\/icons\/fonts\/elg.eot?#iefix') format('embedded-opentype'), url('https:\/\/hydro-partner.pl\/wp-content\/themes\/thefox_full_package\/thefox\/includes\/4k-icons\/icons\/4k-icons-pack02\/icons\/fonts\/elg.woff') format('woff'), url('https:\/\/hydro-partner.pl\/wp-content\/themes\/thefox_full_package\/thefox\/includes\/4k-icons\/icons\/4k-icons-pack02\/icons\/fonts\/elg.ttf') format('truetype'), url('https:\/\/hydro-partner.pl\/wp-content\/themes\/thefox_full_package\/thefox\/includes\/4k-icons\/icons\/4k-icons-pack02\/icons\/fonts\/elg.svg#oi') format('svg'); font-weight: normal; font-style: normal;}#rand_5d9gsfoy7xrgeqjm2d10 .elg-icon_lightbulb_alt:before{font-family: 'elg'; font-weight: normal; font-style: normal;}#rand_5d9gsfoy7xrgeqjm2d10 .elg-icon_lightbulb_alt:before{content: \"\\e007\";}<\/style>\n<style type=\"text\/css\" >#rand_5d9gsfoy7xrgeqjm2d10:hover {background:#2c3e50 !important; border:1px solid #ecf0f1 !important; color:#ffffff!important;}#rand_5d9gsfoy7xrgeqjm2d10:hover .icon_circle i{color:#ffffff !important;}#rand_5d9gsfoy7xrgeqjm2d10:hover h3{color:#ffffff !important;}#rand_5d9gsfoy7xrgeqjm2d10:hover .box_btn{ color:#fff!important;   }#rand_5d9gsfoy7xrgeqjm2d10:hover p{ color:#ffffff;}<\/style> <a href=\"https:\/\/hydro-partner.pl\/uslugi-2\/modernizacje-pompowni\/\" target=\"_self\" ><div id=\"rand_5d9gsfoy7xrgeqjm2d10\" class=\"icon_box2_trending \" style=\"padding: 43px 30px 27px 30px; background:rgba(0,0,0,0); border:1px solid #e9eff1;\"><div class=\"icon_circle\"><i class=\"elg-icon_lightbulb_alt\" style=\"color:#2c3e50;\"><\/i><\/div><h3 style=\"color:;\">Modernizacje pompowni<\/h3><p style=\"color:;\" ><\/p><a class=\"box_btn\" style=\"color:#1c83d8; \" href=\"https:\/\/hydro-partner.pl\/uslugi-2\/modernizacje-pompowni\/\" target=\"_self\">Dowiedz si\u0119 wi\u0119cej<\/a><\/div><\/a>[vc_empty_space height=&#8221;40px&#8221;][\/vc_column][vc_column width=&#8221;1\/3&#8243;]<style type='text\/css'> @font-face{font-family: 'elg'; src:url('https:\/\/hydro-partner.pl\/wp-content\/themes\/thefox_full_package\/thefox\/includes\/4k-icons\/icons\/4k-icons-pack02\/icons\/fonts\/elg.eot'); src:url('https:\/\/hydro-partner.pl\/wp-content\/themes\/thefox_full_package\/thefox\/includes\/4k-icons\/icons\/4k-icons-pack02\/icons\/fonts\/elg.eot?#iefix') format('embedded-opentype'), url('https:\/\/hydro-partner.pl\/wp-content\/themes\/thefox_full_package\/thefox\/includes\/4k-icons\/icons\/4k-icons-pack02\/icons\/fonts\/elg.woff') format('woff'), url('https:\/\/hydro-partner.pl\/wp-content\/themes\/thefox_full_package\/thefox\/includes\/4k-icons\/icons\/4k-icons-pack02\/icons\/fonts\/elg.ttf') format('truetype'), url('https:\/\/hydro-partner.pl\/wp-content\/themes\/thefox_full_package\/thefox\/includes\/4k-icons\/icons\/4k-icons-pack02\/icons\/fonts\/elg.svg#oi') format('svg'); font-weight: normal; font-style: normal;}#rand_vkum494gjgp5vb52fit9 .elg-icon_lightbulb_alt:before{font-family: 'elg'; font-weight: normal; font-style: normal;}#rand_vkum494gjgp5vb52fit9 .elg-icon_lightbulb_alt:before{content: \"\\e007\";}<\/style>\n<style type=\"text\/css\" >#rand_vkum494gjgp5vb52fit9:hover {background:#2c3e50 !important; border:1px solid #ecf0f1 !important; color:#ffffff!important;}#rand_vkum494gjgp5vb52fit9:hover .icon_circle i{color:#ffffff !important;}#rand_vkum494gjgp5vb52fit9:hover h3{color:#ffffff !important;}#rand_vkum494gjgp5vb52fit9:hover .box_btn{ color:#fff!important;   }#rand_vkum494gjgp5vb52fit9:hover p{ color:#ffffff;}<\/style> <a href=\"https:\/\/hydro-partner.pl\/uslugi-2\/suw\/\" target=\"_self\" ><div id=\"rand_vkum494gjgp5vb52fit9\" class=\"icon_box2_trending \" style=\"padding: 43px 30px 27px 30px; background:rgba(0,0,0,0); border:1px solid #e9eff1;\"><div class=\"icon_circle\"><i class=\"elg-icon_lightbulb_alt\" style=\"color:#2c3e50;\"><\/i><\/div><h3 style=\"color:;\">STACJE UZDATNIANIA WODY<\/h3><p style=\"color:;\" ><\/p><a class=\"box_btn\" style=\"color:#1c83d8; \" href=\"https:\/\/hydro-partner.pl\/uslugi-2\/suw\/\" target=\"_self\">Dowiedz si\u0119 wi\u0119cej<\/a><\/div><\/a>[vc_empty_space height=&#8221;40px&#8221;][\/vc_column][\/vc_row][vc_row content_placement=&#8221;middle&#8221;][vc_column width=&#8221;1\/3&#8243;]<style type='text\/css'> @font-face{font-family: 'elg'; src:url('https:\/\/hydro-partner.pl\/wp-content\/themes\/thefox_full_package\/thefox\/includes\/4k-icons\/icons\/4k-icons-pack02\/icons\/fonts\/elg.eot'); src:url('https:\/\/hydro-partner.pl\/wp-content\/themes\/thefox_full_package\/thefox\/includes\/4k-icons\/icons\/4k-icons-pack02\/icons\/fonts\/elg.eot?#iefix') format('embedded-opentype'), url('https:\/\/hydro-partner.pl\/wp-content\/themes\/thefox_full_package\/thefox\/includes\/4k-icons\/icons\/4k-icons-pack02\/icons\/fonts\/elg.woff') format('woff'), url('https:\/\/hydro-partner.pl\/wp-content\/themes\/thefox_full_package\/thefox\/includes\/4k-icons\/icons\/4k-icons-pack02\/icons\/fonts\/elg.ttf') format('truetype'), url('https:\/\/hydro-partner.pl\/wp-content\/themes\/thefox_full_package\/thefox\/includes\/4k-icons\/icons\/4k-icons-pack02\/icons\/fonts\/elg.svg#oi') format('svg'); font-weight: normal; font-style: normal;}#rand_6cx20xc5tis6k0reo7dx .elg-icon_lightbulb_alt:before{font-family: 'elg'; font-weight: normal; font-style: normal;}#rand_6cx20xc5tis6k0reo7dx .elg-icon_lightbulb_alt:before{content: \"\\e007\";}<\/style>\n<style type=\"text\/css\" >#rand_6cx20xc5tis6k0reo7dx:hover {background:#2c3e50 !important; border:1px solid #ecf0f1 !important; color:#ffffff!important;}#rand_6cx20xc5tis6k0reo7dx:hover .icon_circle i{color:#ffffff !important;}#rand_6cx20xc5tis6k0reo7dx:hover h3{color:#ffffff !important;}#rand_6cx20xc5tis6k0reo7dx:hover .box_btn{ color:#fff!important;   }#rand_6cx20xc5tis6k0reo7dx:hover p{ color:#ffffff;}<\/style> <a href=\"https:\/\/hydro-partner.pl\/uslugi-2\/oczyszczalnie-sciekow\/\" target=\"_self\" ><div id=\"rand_6cx20xc5tis6k0reo7dx\" class=\"icon_box2_trending \" style=\"padding: 43px 30px 27px 30px; background:rgba(0,0,0,0); border:1px solid #e9eff1;\"><div class=\"icon_circle\"><i class=\"elg-icon_lightbulb_alt\" style=\"color:#2c3e50;\"><\/i><\/div><h3 style=\"color:;\">Oczyszczalnie \u015bciek\u00f3w<\/h3><p style=\"color:;\" ><\/p><a class=\"box_btn\" style=\"color:#1c83d8; \" href=\"https:\/\/hydro-partner.pl\/uslugi-2\/oczyszczalnie-sciekow\/\" target=\"_self\">Dowiedz si\u0119 wi\u0119cej<\/a><\/div><\/a>[vc_empty_space height=&#8221;40px&#8221;][\/vc_column][vc_column width=&#8221;1\/3&#8243;]<style type='text\/css'> @font-face{font-family: 'elg'; src:url('https:\/\/hydro-partner.pl\/wp-content\/themes\/thefox_full_package\/thefox\/includes\/4k-icons\/icons\/4k-icons-pack02\/icons\/fonts\/elg.eot'); src:url('https:\/\/hydro-partner.pl\/wp-content\/themes\/thefox_full_package\/thefox\/includes\/4k-icons\/icons\/4k-icons-pack02\/icons\/fonts\/elg.eot?#iefix') format('embedded-opentype'), url('https:\/\/hydro-partner.pl\/wp-content\/themes\/thefox_full_package\/thefox\/includes\/4k-icons\/icons\/4k-icons-pack02\/icons\/fonts\/elg.woff') format('woff'), url('https:\/\/hydro-partner.pl\/wp-content\/themes\/thefox_full_package\/thefox\/includes\/4k-icons\/icons\/4k-icons-pack02\/icons\/fonts\/elg.ttf') format('truetype'), url('https:\/\/hydro-partner.pl\/wp-content\/themes\/thefox_full_package\/thefox\/includes\/4k-icons\/icons\/4k-icons-pack02\/icons\/fonts\/elg.svg#oi') format('svg'); font-weight: normal; font-style: normal;}#rand_wpp0vrc4ki0itm159gj2 .elg-icon_lightbulb_alt:before{font-family: 'elg'; font-weight: normal; font-style: normal;}#rand_wpp0vrc4ki0itm159gj2 .elg-icon_lightbulb_alt:before{content: \"\\e007\";}<\/style>\n<style type=\"text\/css\" >#rand_wpp0vrc4ki0itm159gj2:hover {background:#2c3e50 !important; border:1px solid #ecf0f1 !important; color:#ffffff!important;}#rand_wpp0vrc4ki0itm159gj2:hover .icon_circle i{color:#ffffff !important;}#rand_wpp0vrc4ki0itm159gj2:hover h3{color:#ffffff !important;}#rand_wpp0vrc4ki0itm159gj2:hover .box_btn{ color:#fff!important;   }#rand_wpp0vrc4ki0itm159gj2:hover p{ color:#ffffff;}<\/style> <a href=\"https:\/\/hydro-partner.pl\/uslugi-2\/call-center\/\" target=\"_self\" ><div id=\"rand_wpp0vrc4ki0itm159gj2\" class=\"icon_box2_trending \" style=\"padding: 43px 30px 27px 30px; background:rgba(0,0,0,0); border:1px solid #e9eff1;\"><div class=\"icon_circle\"><i class=\"elg-icon_lightbulb_alt\" style=\"color:#2c3e50;\"><\/i><\/div><h3 style=\"color:;\">Call Center<\/h3><p style=\"color:;\" ><\/p><a class=\"box_btn\" style=\"color:#1c83d8; \" href=\"https:\/\/hydro-partner.pl\/uslugi-2\/call-center\/\" target=\"_self\">Dowiedz si\u0119 wi\u0119cej<\/a><\/div><\/a>[vc_empty_space height=&#8221;40px&#8221;][\/vc_column][\/vc_row][vc_row][vc_column]<style type=\"text\/css\" >#l_jjdwzz83gzk751opzzbv.sc_vline {background:#a1b1bc; min-height:53px; width:2px;}#l_jjdwzz83gzk751opzzbv{margin:7px auto 0px auto; padding:0;}<\/style><div class=\"clearfix\"><\/div><div id=\"l_jjdwzz83gzk751opzzbv\"  class=\"sc_vline\" ><\/div>[vc_empty_space][\/vc_column][\/vc_row][vc_row a_select=&#8221;1&#8243; css=&#8221;.vc_custom_1419668006323{margin-bottom: 0px;padding-top: 29px;padding-bottom: 35px;}&#8221;][vc_column][vc_custom_heading text=&#8221;Czekamy na Ciebie i Twoje potrzeby. Nie wahaj si\u0119 do nas napisa\u0107.&#8221; font_container=&#8221;tag:h2|font_size:24|text_align:center|color:%23a1b1bc&#8221; google_fonts=&#8221;font_family:Lato%3A100%2C100italic%2C300%2C300italic%2Cregular%2Citalic%2C700%2C700italic%2C900%2C900italic|font_style:300%20light%20regular%3A300%3Anormal&#8221; css=&#8221;.vc_custom_1587061838409{margin-bottom: 0px !important;}&#8221;][\/vc_column][\/vc_row]<\/p>\n","protected":false},"excerpt":{"rendered":"<p>[vc_row][vc_column][vc_custom_heading text=&#8221;US\u0141UGI&#8221; font_container=&#8221;tag:h2|font_size:30|text_align:center|color:%235b5b5b|line_height:3&#8243; google_fonts=&#8221;font_family:Lato%3A100%2C100italic%2C300%2C300italic%2Cregular%2Citalic%2C700%2C700italic%2C900%2C900italic|font_style:900%20bold%20regular%3A900%3Anormal&#8221; el_class=&#8221;letterspacing-3&#8243;][\/vc_column][\/vc_row][vc_row][vc_column][\/vc_column][\/vc_row][vc_row type=&#8221;full-width-section&#8221; content_placement=&#8221;middle&#8221; css=&#8221;.vc_custom_1587128516948{margin-bottom: 0px !important;padding-top: 64px !important;padding-bottom: 0px !important;}&#8221;][vc_column][vc_custom_heading text=&#8221;US\u0141UGI&#8221; font_container=&#8221;tag:h2|font_size:18|text_align:center|color:%232c3e50&#8243; google_fonts=&#8221;font_family:Lato%3A100%2C100italic%2C300%2C300italic%2Cregular%2Citalic%2C700%2C700italic%2C900%2C900italic|font_style:900%20bold%20regular%3A900%3Anormal&#8221; css=&#8221;.vc_custom_1587128834177{margin-bottom: 13px !important;}&#8221;][vc_column_text el_class=&#8221;letterspacing-1 width-1000&#8243; css=&#8221;.vc_custom_1587134174309{margin-bottom: 24px !important;}&#8221; css_animation=&#8221;bottom-to-top&#8221;] HYDRO-PARTNER dzi\u0119ki wysokiemu potencja\u0142owi ludzkiemu i technicznemu \u015bwiadczy szeroki wachlarz us\u0142ug zar\u00f3wno dla bran\u017cy wod.-kan. jak i dla zak\u0142ad\u00f3w przemys\u0142owych. Do\u015bwiadczona kadra in\u017cynierska i techniczna odpowiedzialna za realizacj\u0119 skierowanych<br \/><a href=\"https:\/\/hydro-partner.pl\/uslugi-2\/\" class=\"more\">Read more<\/a><\/p>\n","protected":false},"author":1,"featured_media":0,"parent":0,"menu_order":0,"comment_status":"closed","ping_status":"closed","template":"","meta":{"_uf_show_specific_survey":0,"_uf_disable_surveys":false,"footnotes":""},"_links":{"self":[{"href":"https:\/\/hydro-partner.pl\/wp-json\/wp\/v2\/pages\/7888"}],"collection":[{"href":"https:\/\/hydro-partner.pl\/wp-json\/wp\/v2\/pages"}],"about":[{"href":"https:\/\/hydro-partner.pl\/wp-json\/wp\/v2\/types\/page"}],"author":[{"embeddable":true,"href":"https:\/\/hydro-partner.pl\/wp-json\/wp\/v2\/users\/1"}],"replies":[{"embeddable":true,"href":"https:\/\/hydro-partner.pl\/wp-json\/wp\/v2\/comments?post=7888"}],"version-history":[{"count":27,"href":"https:\/\/hydro-partner.pl\/wp-json\/wp\/v2\/pages\/7888\/revisions"}],"predecessor-version":[{"id":8172,"href":"https:\/\/hydro-partner.pl\/wp-json\/wp\/v2\/pages\/7888\/revisions\/8172"}],"wp:attachment":[{"href":"https:\/\/hydro-partner.pl\/wp-json\/wp\/v2\/media?parent=7888"}],"curies":[{"name":"wp","href":"https:\/\/api.w.org\/{rel}","templated":true}]}}