{"id":7968,"date":"2020-06-15T15:13:18","date_gmt":"2020-06-15T13:13:18","guid":{"rendered":"http:\/\/hydro-partner.pl\/?page_id=7968"},"modified":"2020-06-16T16:24:42","modified_gmt":"2020-06-16T14:24:42","slug":"zbiorniki-polimerobetonowe","status":"publish","type":"page","link":"https:\/\/hydro-partner.pl\/produkty\/zbiorniki-polimerobetonowe\/","title":{"rendered":"Zbiorniki polimerobetonowe"},"content":{"rendered":"<p>[vc_row overlay=&#8221;rd_hover_goliath&#8221; overlay_color=&#8221;&#8221; port_type=&#8221;port_type_5&#8243; port_bg_color=&#8221;&#8221; port_title_color=&#8221;&#8221; port_text_color=&#8221;&#8221; port_button_color=&#8221;&#8221; port_border_color=&#8221;&#8221; port_hover_bg_color=&#8221;&#8221; port_hover_title_color=&#8221;&#8221; port_hover_text_color=&#8221;&#8221; port_hover_button_color=&#8221;&#8221; port_hover_border_color=&#8221;&#8221; desc_title=&#8221;&#8221; desc_cat=&#8221;&#8221; overlay_color_2=&#8221;&#8221; desc_border=&#8221;&#8221; port_thumbnail=&#8221;thumbnail_type_2&#8243; port_layout=&#8221;3 columns&#8221; category=&#8221;pompy&#8221; tags=&#8221;all&#8221; port_order=&#8221;DESC&#8221; port_orderby=&#8221;date&#8221; target=&#8221;_self&#8221; port_start=&#8221;8&#8243; filter=&#8221;yes&#8221; filter_type=&#8221;filter_type_1&#8243; filter_text_color=&#8221;&#8221; filter_background_color=&#8221;&#8221; filter_border_color=&#8221;&#8221; selected_filter_bg_color=&#8221;&#8221; port_navigation=&#8221;&#8221; nav_bg=&#8221;&#8221; nav_color=&#8221;&#8221; nav_border=&#8221;&#8221; nav_hover_color=&#8221;&#8221; nav_hover_bg=&#8221;&#8221; port_click=&#8221;4&#8243; button_bg=&#8221;&#8221; button_title=&#8221;&#8221; button_border=&#8221;&#8221; button_hover_title=&#8221;&#8221; button_hover_bg=&#8221;&#8221;][vc_column][vc_custom_heading text=&#8221;ZBIORNIKI POLIMEROBETONOWE&#8221; font_container=&#8221;tag:h2|font_size:30|text_align:center|color:%235b5b5b|line_height:3&#8243; google_fonts=&#8221;font_family:Lato%3A100%2C100italic%2C300%2C300italic%2Cregular%2Citalic%2C700%2C700italic%2C900%2C900italic|font_style:900%20bold%20regular%3A900%3Anormal&#8221; css=&#8221;.vc_custom_1592226676744{margin-bottom: 50px !important;}&#8221; el_class=&#8221;letterspacing-3&#8243;][\/vc_column][\/vc_row][vc_row][vc_column]<style type=\"text\/css\" >#ic_56kvkrfrcojx2z16pbm3 {margin:0px auto 0px; }#ic_56kvkrfrcojx2z16pbm3 .owl-prev,#ic_56kvkrfrcojx2z16pbm3 .owl-next{border-color:#ecf0f1; background:#ffffff; color:#a1b1bc; }#ic_56kvkrfrcojx2z16pbm3 .owl-prev:hover,#ic_56kvkrfrcojx2z16pbm3 .owl-next:hover{background:#f9fafb; color:#2c3e50; }#ic_56kvkrfrcojx2z16pbm3 .owl-prev:before,#ic_56kvkrfrcojx2z16pbm3 .owl-next:after{border-color:#a1b1bc; }#ic_56kvkrfrcojx2z16pbm3 .owl-prev:hover::before,#ic_56kvkrfrcojx2z16pbm3 .owl-next:hover::after{border-color:#2c3e50; }#ic_56kvkrfrcojx2z16pbm3 .owl-dot{ background:#ffffff; border-color:#ecf0f1; }#ic_56kvkrfrcojx2z16pbm3 .owl-dot.active{ background:#1c83d8; border-color:#ecf0f1;}<\/style><script type=\"text\/javascript\" charset=\"utf-8\">\r\n\r\n\t\tjQuery.noConflict();\r\n\t\/\/setup up Carousel\r\n\t\tjQuery(document).ready(function($) {\r\n\t\"use strict\";\r\n\t$(window).load(function(){\r\n\t\t$(\"#ic_56kvkrfrcojx2z16pbm3\").owlCarousel({\r\n\t\t\trtl: $(\"body\").hasClass(\"rtl\") ? true : false,\r\n\t\t\tresponsiveClass:true,\r\n\t\t\tcenter:true,\r\n\t\t\tloop:true,\r\n\t\t\tresponsive:{\r\n\t\t\t\t0:{\r\n\t\t\t\t\titems:1,\r\n\t\t\t    },\r\n\t\t\t    780:{\r\n\t\t\t        items:2,\r\n\t\t\t\t},\r\n\t\t\t\t1000:{\r\n\t\t\t\t    items:2,\r\n\t\t\t\t},\r\n\t\t\t},\r\n\t\t\t autoplay:true,\r\n\t\t\t autoplaySpeed: 800,\r\n\t   \t \t dots:true,\r\n\t\t\t nav:true,\r\n\t\r\n\t\t});\r\n\t});\r\n});\r\n\r\n<\/script><div class=\"tt_testimonials_ctn rd_ic_center   \" id=\"ic_56kvkrfrcojx2z16pbm3\" style=\"margin-top:0px; margin-bottom:0px;\"><a href=\"https:\/\/hydro-partner.pl\/wp-content\/uploads\/2020\/06\/20170209_135950x-1024x768.jpg\"  rel=\"prettyPhoto[rel-56kvkrfrcojx2z16pbm3]\" ><img loading=\"lazy\" decoding=\"async\" width=\"1500\" height=\"1125\" src=\"https:\/\/hydro-partner.pl\/wp-content\/uploads\/2020\/06\/20170209_135950x.jpg\" class=\"attachment-full\" alt=\"\" srcset=\"https:\/\/hydro-partner.pl\/wp-content\/uploads\/2020\/06\/20170209_135950x.jpg 1500w, https:\/\/hydro-partner.pl\/wp-content\/uploads\/2020\/06\/20170209_135950x-300x225.jpg 300w, https:\/\/hydro-partner.pl\/wp-content\/uploads\/2020\/06\/20170209_135950x-1024x768.jpg 1024w, https:\/\/hydro-partner.pl\/wp-content\/uploads\/2020\/06\/20170209_135950x-768x576.jpg 768w\" sizes=\"(max-width: 1500px) 100vw, 1500px\" \/><\/a><a href=\"https:\/\/hydro-partner.pl\/wp-content\/uploads\/2020\/06\/Obraz-085-1024x775.jpg\"  rel=\"prettyPhoto[rel-56kvkrfrcojx2z16pbm3]\" ><img loading=\"lazy\" decoding=\"async\" width=\"1184\" height=\"896\" src=\"https:\/\/hydro-partner.pl\/wp-content\/uploads\/2020\/06\/Obraz-085.jpg\" class=\"attachment-full\" alt=\"\" srcset=\"https:\/\/hydro-partner.pl\/wp-content\/uploads\/2020\/06\/Obraz-085.jpg 1184w, https:\/\/hydro-partner.pl\/wp-content\/uploads\/2020\/06\/Obraz-085-300x227.jpg 300w, https:\/\/hydro-partner.pl\/wp-content\/uploads\/2020\/06\/Obraz-085-1024x775.jpg 1024w, https:\/\/hydro-partner.pl\/wp-content\/uploads\/2020\/06\/Obraz-085-768x581.jpg 768w\" sizes=\"(max-width: 1184px) 100vw, 1184px\" \/><\/a><a href=\"https:\/\/hydro-partner.pl\/wp-content\/uploads\/2020\/06\/Zdj\u0119cie0000x-1024x768.jpg\"  rel=\"prettyPhoto[rel-56kvkrfrcojx2z16pbm3]\" ><img loading=\"lazy\" decoding=\"async\" width=\"1500\" height=\"1125\" src=\"https:\/\/hydro-partner.pl\/wp-content\/uploads\/2020\/06\/Zdj\u0119cie0000x.jpg\" class=\"attachment-full\" alt=\"\" srcset=\"https:\/\/hydro-partner.pl\/wp-content\/uploads\/2020\/06\/Zdj\u0119cie0000x.jpg 1500w, https:\/\/hydro-partner.pl\/wp-content\/uploads\/2020\/06\/Zdj\u0119cie0000x-300x225.jpg 300w, https:\/\/hydro-partner.pl\/wp-content\/uploads\/2020\/06\/Zdj\u0119cie0000x-1024x768.jpg 1024w, https:\/\/hydro-partner.pl\/wp-content\/uploads\/2020\/06\/Zdj\u0119cie0000x-768x576.jpg 768w\" sizes=\"(max-width: 1500px) 100vw, 1500px\" \/><\/a><\/div>[\/vc_column][\/vc_row][vc_row font_color=&#8221;#666666&#8243;][vc_column css=&#8221;.vc_custom_1592222193758{margin-right: 75px !important;margin-left: 75px !important;}&#8221;][vc_column_text]Projektujemy i dostarczamy zbiorniki z polimerobetonu. Jest to mieszanina kruszyw mineralnych wi\u0105zana \u017cywic\u0105 poliestrow\u0105 poddana utwardzeniu. Efektem powy\u017cszego procesu jest uzyskanie betonu \u017cywicznego, kt\u00f3ry posiada bardzo wysokie parametry wytrzyma\u0142o\u015bciowe oraz du\u017c\u0105 odporno\u015b\u0107 chemiczn\u0105.<\/p>\n<p>Cechuj\u0105 go r\u00f3wnie\u017c: znikoma nasi\u0105kliwo\u015b\u0107, bardzo du\u017ca szczelno\u015b\u0107, du\u017ca odporno\u015b\u0107 na zarysowania, niska \u015bcieralno\u015b\u0107, bardzo g\u0142adka powierzchnia, niesamowita wytrzyma\u0142o\u015b\u0107 i kr\u00f3tki czas wi\u0105zania materia\u0142u, co daje mo\u017cliwo\u015b\u0107 osi\u0105gni\u0119cia wysokiej sprawno\u015bci monta\u017cowej i eksploatacyjnej. Wymienione w\u0142a\u015bciwo\u015bci betonu \u017cywicznego predysponuj\u0105 materia\u0142 do zastosowa\u0144 w trudnych warunkach.<\/p>\n<p>Dostarczamy zbiorniki z polimerobetonu w wykonaniu ko\u0142owym lub owalnym.<\/p>\n<p><strong>G\u0142\u00f3wne obszary zastosowa\u0144:<\/strong><\/p>\n<ul>\n<li>zak\u0142ady komunalne i wodoci\u0105gowe<\/li>\n<li>przemys\u0142 chemiczny i petrochemiczny<\/li>\n<li>przemys\u0142 owocowo-warzywny<\/li>\n<li>przemys\u0142 mi\u0119sny<\/li>\n<li>centra logistyczne i magazynowe<\/li>\n<\/ul>\n<p>[\/vc_column_text][\/vc_column][\/vc_row]<\/p>\n","protected":false},"excerpt":{"rendered":"<p>[vc_row overlay=&#8221;rd_hover_goliath&#8221; overlay_color=&#8221;&#8221; port_type=&#8221;port_type_5&#8243; port_bg_color=&#8221;&#8221; port_title_color=&#8221;&#8221; port_text_color=&#8221;&#8221; port_button_color=&#8221;&#8221; port_border_color=&#8221;&#8221; port_hover_bg_color=&#8221;&#8221; port_hover_title_color=&#8221;&#8221; port_hover_text_color=&#8221;&#8221; port_hover_button_color=&#8221;&#8221; port_hover_border_color=&#8221;&#8221; desc_title=&#8221;&#8221; desc_cat=&#8221;&#8221; overlay_color_2=&#8221;&#8221; desc_border=&#8221;&#8221; port_thumbnail=&#8221;thumbnail_type_2&#8243; port_layout=&#8221;3 columns&#8221; category=&#8221;pompy&#8221; tags=&#8221;all&#8221; port_order=&#8221;DESC&#8221; port_orderby=&#8221;date&#8221; target=&#8221;_self&#8221; port_start=&#8221;8&#8243; filter=&#8221;yes&#8221; filter_type=&#8221;filter_type_1&#8243; filter_text_color=&#8221;&#8221; filter_background_color=&#8221;&#8221; filter_border_color=&#8221;&#8221; selected_filter_bg_color=&#8221;&#8221; port_navigation=&#8221;&#8221; nav_bg=&#8221;&#8221; nav_color=&#8221;&#8221; nav_border=&#8221;&#8221; nav_hover_color=&#8221;&#8221; nav_hover_bg=&#8221;&#8221; port_click=&#8221;4&#8243; button_bg=&#8221;&#8221; button_title=&#8221;&#8221; button_border=&#8221;&#8221; button_hover_title=&#8221;&#8221; button_hover_bg=&#8221;&#8221;][vc_column][vc_custom_heading text=&#8221;ZBIORNIKI POLIMEROBETONOWE&#8221; font_container=&#8221;tag:h2|font_size:30|text_align:center|color:%235b5b5b|line_height:3&#8243; google_fonts=&#8221;font_family:Lato%3A100%2C100italic%2C300%2C300italic%2Cregular%2Citalic%2C700%2C700italic%2C900%2C900italic|font_style:900%20bold%20regular%3A900%3Anormal&#8221; css=&#8221;.vc_custom_1592226676744{margin-bottom: 50px !important;}&#8221; el_class=&#8221;letterspacing-3&#8243;][\/vc_column][\/vc_row][vc_row][vc_column][\/vc_column][\/vc_row][vc_row font_color=&#8221;#666666&#8243;][vc_column css=&#8221;.vc_custom_1592222193758{margin-right:<br \/><a href=\"https:\/\/hydro-partner.pl\/produkty\/zbiorniki-polimerobetonowe\/\" class=\"more\">Read more<\/a><\/p>\n","protected":false},"author":1,"featured_media":0,"parent":7765,"menu_order":0,"comment_status":"closed","ping_status":"open","template":"","meta":{"_uf_show_specific_survey":0,"_uf_disable_surveys":false,"footnotes":""},"_links":{"self":[{"href":"https:\/\/hydro-partner.pl\/wp-json\/wp\/v2\/pages\/7968"}],"collection":[{"href":"https:\/\/hydro-partner.pl\/wp-json\/wp\/v2\/pages"}],"about":[{"href":"https:\/\/hydro-partner.pl\/wp-json\/wp\/v2\/types\/page"}],"author":[{"embeddable":true,"href":"https:\/\/hydro-partner.pl\/wp-json\/wp\/v2\/users\/1"}],"replies":[{"embeddable":true,"href":"https:\/\/hydro-partner.pl\/wp-json\/wp\/v2\/comments?post=7968"}],"version-history":[{"count":3,"href":"https:\/\/hydro-partner.pl\/wp-json\/wp\/v2\/pages\/7968\/revisions"}],"predecessor-version":[{"id":8045,"href":"https:\/\/hydro-partner.pl\/wp-json\/wp\/v2\/pages\/7968\/revisions\/8045"}],"up":[{"embeddable":true,"href":"https:\/\/hydro-partner.pl\/wp-json\/wp\/v2\/pages\/7765"}],"wp:attachment":[{"href":"https:\/\/hydro-partner.pl\/wp-json\/wp\/v2\/media?parent=7968"}],"curies":[{"name":"wp","href":"https:\/\/api.w.org\/{rel}","templated":true}]}}