{"id":8579,"date":"2026-03-22T14:04:57","date_gmt":"2026-03-22T13:04:57","guid":{"rendered":"https:\/\/hydro-partner.pl\/?page_id=8579"},"modified":"2026-04-08T14:56:51","modified_gmt":"2026-04-08T12:56:51","slug":"polimocznik","status":"publish","type":"page","link":"https:\/\/hydro-partner.pl\/uslugi-2\/polimocznik\/","title":{"rendered":"Antykorozja i renowacja"},"content":{"rendered":"<p>[vc_row overlay=&#8221;rd_hover_goliath&#8221; overlay_color=&#8221;&#8221; port_type=&#8221;port_type_5&#8243; port_bg_color=&#8221;&#8221; port_title_color=&#8221;&#8221; port_text_color=&#8221;&#8221; port_button_color=&#8221;&#8221; port_border_color=&#8221;&#8221; port_hover_bg_color=&#8221;&#8221; port_hover_title_color=&#8221;&#8221; port_hover_text_color=&#8221;&#8221; port_hover_button_color=&#8221;&#8221; port_hover_border_color=&#8221;&#8221; desc_title=&#8221;&#8221; desc_cat=&#8221;&#8221; overlay_color_2=&#8221;&#8221; desc_border=&#8221;&#8221; port_thumbnail=&#8221;thumbnail_type_2&#8243; port_layout=&#8221;3 columns&#8221; category=&#8221;pompy&#8221; tags=&#8221;all&#8221; port_order=&#8221;DESC&#8221; port_orderby=&#8221;date&#8221; target=&#8221;_self&#8221; port_start=&#8221;8&#8243; filter=&#8221;yes&#8221; filter_type=&#8221;filter_type_1&#8243; filter_text_color=&#8221;&#8221; filter_background_color=&#8221;&#8221; filter_border_color=&#8221;&#8221; selected_filter_bg_color=&#8221;&#8221; port_navigation=&#8221;&#8221; nav_bg=&#8221;&#8221; nav_color=&#8221;&#8221; nav_border=&#8221;&#8221; nav_hover_color=&#8221;&#8221; nav_hover_bg=&#8221;&#8221; port_click=&#8221;4&#8243; button_bg=&#8221;&#8221; button_title=&#8221;&#8221; button_border=&#8221;&#8221; button_hover_title=&#8221;&#8221; button_hover_bg=&#8221;&#8221;][vc_column][vc_custom_heading text=&#8221;Renowacja betonowych, stalowych zbiornik\u00f3w oraz powierzchni p\u0142askich &#8211; natrysk metod\u0105 tr\u00f3jwarstwow\u0105 na bazie polimocznika.&#8221; font_container=&#8221;tag:h2|font_size:30|text_align:center|color:%235b5b5b|line_height:3&#8243; google_fonts=&#8221;font_family:Lato%3A100%2C100italic%2C300%2C300italic%2Cregular%2Citalic%2C700%2C700italic%2C900%2C900italic|font_style:900%20bold%20regular%3A900%3Anormal&#8221; css=&#8221;.vc_custom_1775648182724{margin-bottom: 50px !important;}&#8221; el_class=&#8221;letterspacing-3&#8243;][\/vc_column][\/vc_row][vc_row][vc_column]<style type=\"text\/css\" >#ic_jog6p8n1mvj3zmn9gfhu {margin:0px auto 0px; }#ic_jog6p8n1mvj3zmn9gfhu .owl-prev,#ic_jog6p8n1mvj3zmn9gfhu .owl-next{border-color:#ecf0f1; background:#ffffff; color:#a1b1bc; }#ic_jog6p8n1mvj3zmn9gfhu .owl-prev:hover,#ic_jog6p8n1mvj3zmn9gfhu .owl-next:hover{background:#f9fafb; color:#2c3e50; }#ic_jog6p8n1mvj3zmn9gfhu .owl-prev:before,#ic_jog6p8n1mvj3zmn9gfhu .owl-next:after{border-color:#a1b1bc; }#ic_jog6p8n1mvj3zmn9gfhu .owl-prev:hover::before,#ic_jog6p8n1mvj3zmn9gfhu .owl-next:hover::after{border-color:#2c3e50; }#ic_jog6p8n1mvj3zmn9gfhu .owl-dot{ background:#ffffff; border-color:#ecf0f1; }#ic_jog6p8n1mvj3zmn9gfhu .owl-dot.active{ background:#1c83d8; border-color:#ecf0f1;}<\/style><script type=\"text\/javascript\" charset=\"utf-8\">\r\n\r\n\t\tjQuery.noConflict();\r\n\t\/\/setup up Carousel\r\n\t\tjQuery(document).ready(function($) {\r\n\t\"use strict\";\r\n\t$(window).load(function(){\r\n\t\t$(\"#ic_jog6p8n1mvj3zmn9gfhu\").owlCarousel({\r\n\t\t\trtl: $(\"body\").hasClass(\"rtl\") ? true : false,\r\n\t\t\tresponsiveClass:true,\r\n\t\t\tcenter:true,\r\n\t\t\tloop:true,\r\n\t\t\tresponsive:{\r\n\t\t\t\t0:{\r\n\t\t\t\t\titems:1,\r\n\t\t\t    },\r\n\t\t\t    780:{\r\n\t\t\t        items:2,\r\n\t\t\t\t},\r\n\t\t\t\t1000:{\r\n\t\t\t\t    items:2,\r\n\t\t\t\t},\r\n\t\t\t},\r\n\t\t\t autoplay:true,\r\n\t\t\t autoplaySpeed: 2000,\r\n\t   \t \t dots:true,\r\n\t\t\t nav:true,\r\n\t\r\n\t\t});\r\n\t});\r\n});\r\n\r\n<\/script><div class=\"tt_testimonials_ctn rd_ic_center   \" id=\"ic_jog6p8n1mvj3zmn9gfhu\" style=\"margin-top:0px; margin-bottom:0px;\"><a href=\"https:\/\/hydro-partner.pl\/wp-content\/uploads\/2026\/03\/poli_1.png\"  rel=\"prettyPhoto[rel-jog6p8n1mvj3zmn9gfhu]\" ><img loading=\"lazy\" decoding=\"async\" width=\"900\" height=\"512\" src=\"https:\/\/hydro-partner.pl\/wp-content\/uploads\/2026\/03\/poli_1.png\" class=\"attachment-full\" alt=\"\" \/><\/a><a href=\"https:\/\/hydro-partner.pl\/wp-content\/uploads\/2026\/04\/Elk.png\"  rel=\"prettyPhoto[rel-jog6p8n1mvj3zmn9gfhu]\" ><img loading=\"lazy\" decoding=\"async\" width=\"1800\" height=\"900\" src=\"https:\/\/hydro-partner.pl\/wp-content\/uploads\/2026\/04\/Elk.png\" class=\"attachment-full\" alt=\"\" \/><\/a><a href=\"https:\/\/hydro-partner.pl\/wp-content\/uploads\/2026\/04\/Niechlow.png\"  rel=\"prettyPhoto[rel-jog6p8n1mvj3zmn9gfhu]\" ><img loading=\"lazy\" decoding=\"async\" width=\"1800\" height=\"900\" src=\"https:\/\/hydro-partner.pl\/wp-content\/uploads\/2026\/04\/Niechlow.png\" class=\"attachment-full\" alt=\"\" \/><\/a><a href=\"https:\/\/hydro-partner.pl\/wp-content\/uploads\/2026\/03\/poli_2.jpg\"  rel=\"prettyPhoto[rel-jog6p8n1mvj3zmn9gfhu]\" ><img loading=\"lazy\" decoding=\"async\" width=\"900\" height=\"512\" src=\"https:\/\/hydro-partner.pl\/wp-content\/uploads\/2026\/03\/poli_2.jpg\" class=\"attachment-full\" alt=\"\" \/><\/a><a href=\"https:\/\/hydro-partner.pl\/wp-content\/uploads\/2026\/03\/poli_3.jpg\"  rel=\"prettyPhoto[rel-jog6p8n1mvj3zmn9gfhu]\" ><img loading=\"lazy\" decoding=\"async\" width=\"900\" height=\"512\" src=\"https:\/\/hydro-partner.pl\/wp-content\/uploads\/2026\/03\/poli_3.jpg\" class=\"attachment-full\" alt=\"\" \/><\/a><a href=\"https:\/\/hydro-partner.pl\/wp-content\/uploads\/2026\/03\/poli_4.png\"  rel=\"prettyPhoto[rel-jog6p8n1mvj3zmn9gfhu]\" ><img loading=\"lazy\" decoding=\"async\" width=\"900\" height=\"512\" src=\"https:\/\/hydro-partner.pl\/wp-content\/uploads\/2026\/03\/poli_4.png\" class=\"attachment-full\" alt=\"\" \/><\/a><a href=\"https:\/\/hydro-partner.pl\/wp-content\/uploads\/2026\/03\/poli_5.jpg\"  rel=\"prettyPhoto[rel-jog6p8n1mvj3zmn9gfhu]\" ><img loading=\"lazy\" decoding=\"async\" width=\"900\" height=\"512\" src=\"https:\/\/hydro-partner.pl\/wp-content\/uploads\/2026\/03\/poli_5.jpg\" class=\"attachment-full\" alt=\"\" \/><\/a><a href=\"https:\/\/hydro-partner.pl\/wp-content\/uploads\/2026\/04\/Bytom.png\"  rel=\"prettyPhoto[rel-jog6p8n1mvj3zmn9gfhu]\" ><img loading=\"lazy\" decoding=\"async\" width=\"1800\" height=\"900\" src=\"https:\/\/hydro-partner.pl\/wp-content\/uploads\/2026\/04\/Bytom.png\" class=\"attachment-full\" alt=\"\" \/><\/a><\/div>[\/vc_column][\/vc_row][vc_row font_color=&#8221;#666666&#8243;][vc_column css=&#8221;.vc_custom_1592222193758{margin-right: 75px !important;margin-left: 75px !important;}&#8221;][vc_column_text]<\/p>\n<h3 data-path-to-node=\"5\">Dlaczego warto wybra\u0107 nasz system zabezpiecze\u0144?<\/h3>\n<p data-path-to-node=\"6\">Stosowana przez nas technologia\u00a0<strong>3xLayersystem<\/strong>\u00a0przy wykorzystaniu sztywnego poliuretanu (PU) to gwarancja najwy\u017cszej jako\u015bci:<\/p>\n<ul data-path-to-node=\"7\">\n<li>\n<p data-path-to-node=\"7,0,0\"><b data-path-to-node=\"7,0,0\" data-index-in-node=\"0\">100% szczelno\u015b\u0107 w obu kierunkach<\/b> \u2013 dzi\u0119ki zaawansowanemu systemowi 3xLayersystem.<\/p>\n<\/li>\n<li>\n<p data-path-to-node=\"7,1,0\"><b data-path-to-node=\"7,1,0\" data-index-in-node=\"0\">Monolityczna konstrukcja<\/b> \u2013 tworzymy jednolit\u0105 pow\u0142ok\u0119 na ca\u0142ej powierzchni poddawanej renowacji, ca\u0142kowicie eliminuj\u0105c po\u0142\u0105czenia i styki.<\/p>\n<\/li>\n<li>\n<p data-path-to-node=\"7,2,0\"><b data-path-to-node=\"7,2,0\" data-index-in-node=\"0\">Wzmocnienie konstrukcji<\/b> \u2013 stosujemy sztywny PU zamiast tradycyjnej chemii budowlanej, co dodatkowo usztywnia i wzmacnia istniej\u0105cy obiekt.<\/p>\n<\/li>\n<li>\n<p data-path-to-node=\"7,3,0\"><b data-path-to-node=\"7,3,0\" data-index-in-node=\"0\">Oszcz\u0119dno\u015b\u0107 czasu<\/b> \u2013 nasze prace przebiegaj\u0105 znacznie szybciej dzi\u0119ki brakowi konieczno\u015bci d\u0142ugotrwa\u0142ego piel\u0119gnowania materia\u0142\u00f3w na bazie cementu.<\/p>\n<\/li>\n<li>\n<p data-path-to-node=\"7,4,0\"><b data-path-to-node=\"7,4,0\" data-index-in-node=\"0\">Wyj\u0105tkowa odporno\u015b\u0107 chemiczna<\/b> \u2013 pow\u0142oka jest odporna na bardzo agresywne \u015brodowiska, w tym na kwas siarkowy (korozja kwa\u015bna i siarczanowa), kt\u00f3ra najcz\u0119\u015bciej wyst\u0119puje w studzienkach i zbiornikach.<\/p>\n<\/li>\n<li>\n<p data-path-to-node=\"7,5,0\"><b data-path-to-node=\"7,5,0\" data-index-in-node=\"0\">B\u0142yskawiczne oddanie do u\u017cytku<\/b> \u2013 niezwykle kr\u00f3tkie czasy wi\u0105zania pow\u0142oki pozwalaj\u0105 na niemal natychmiastowe przywr\u00f3cenie obiektu do eksploatacji.<\/p>\n<\/li>\n<li>\n<p data-path-to-node=\"7,6,0\"><b data-path-to-node=\"7,6,0\" data-index-in-node=\"0\">Bezpiecze\u0144stwo i atesty<\/b> \u2013 warstwa zabezpieczaj\u0105ca posiada oficjalny atest PZH.<\/p>\n<\/li>\n<\/ul>\n<p>[\/vc_column_text][\/vc_column][\/vc_row]<\/p>\n","protected":false},"excerpt":{"rendered":"<p>[vc_row overlay=&#8221;rd_hover_goliath&#8221; overlay_color=&#8221;&#8221; port_type=&#8221;port_type_5&#8243; port_bg_color=&#8221;&#8221; port_title_color=&#8221;&#8221; port_text_color=&#8221;&#8221; port_button_color=&#8221;&#8221; port_border_color=&#8221;&#8221; port_hover_bg_color=&#8221;&#8221; port_hover_title_color=&#8221;&#8221; port_hover_text_color=&#8221;&#8221; port_hover_button_color=&#8221;&#8221; port_hover_border_color=&#8221;&#8221; desc_title=&#8221;&#8221; desc_cat=&#8221;&#8221; overlay_color_2=&#8221;&#8221; desc_border=&#8221;&#8221; port_thumbnail=&#8221;thumbnail_type_2&#8243; port_layout=&#8221;3 columns&#8221; category=&#8221;pompy&#8221; tags=&#8221;all&#8221; port_order=&#8221;DESC&#8221; port_orderby=&#8221;date&#8221; target=&#8221;_self&#8221; port_start=&#8221;8&#8243; filter=&#8221;yes&#8221; filter_type=&#8221;filter_type_1&#8243; filter_text_color=&#8221;&#8221; filter_background_color=&#8221;&#8221; filter_border_color=&#8221;&#8221; selected_filter_bg_color=&#8221;&#8221; port_navigation=&#8221;&#8221; nav_bg=&#8221;&#8221; nav_color=&#8221;&#8221; nav_border=&#8221;&#8221; nav_hover_color=&#8221;&#8221; nav_hover_bg=&#8221;&#8221; port_click=&#8221;4&#8243; button_bg=&#8221;&#8221; button_title=&#8221;&#8221; button_border=&#8221;&#8221; button_hover_title=&#8221;&#8221; button_hover_bg=&#8221;&#8221;][vc_column][vc_custom_heading text=&#8221;Renowacja betonowych, stalowych zbiornik\u00f3w oraz powierzchni p\u0142askich &#8211; natrysk metod\u0105<br \/><a href=\"https:\/\/hydro-partner.pl\/uslugi-2\/polimocznik\/\" class=\"more\">Read more<\/a><\/p>\n","protected":false},"author":6,"featured_media":0,"parent":7888,"menu_order":0,"comment_status":"closed","ping_status":"open","template":"","meta":{"_uf_show_specific_survey":0,"_uf_disable_surveys":false,"footnotes":""},"_links":{"self":[{"href":"https:\/\/hydro-partner.pl\/wp-json\/wp\/v2\/pages\/8579"}],"collection":[{"href":"https:\/\/hydro-partner.pl\/wp-json\/wp\/v2\/pages"}],"about":[{"href":"https:\/\/hydro-partner.pl\/wp-json\/wp\/v2\/types\/page"}],"author":[{"embeddable":true,"href":"https:\/\/hydro-partner.pl\/wp-json\/wp\/v2\/users\/6"}],"replies":[{"embeddable":true,"href":"https:\/\/hydro-partner.pl\/wp-json\/wp\/v2\/comments?post=8579"}],"version-history":[{"count":14,"href":"https:\/\/hydro-partner.pl\/wp-json\/wp\/v2\/pages\/8579\/revisions"}],"predecessor-version":[{"id":8636,"href":"https:\/\/hydro-partner.pl\/wp-json\/wp\/v2\/pages\/8579\/revisions\/8636"}],"up":[{"embeddable":true,"href":"https:\/\/hydro-partner.pl\/wp-json\/wp\/v2\/pages\/7888"}],"wp:attachment":[{"href":"https:\/\/hydro-partner.pl\/wp-json\/wp\/v2\/media?parent=8579"}],"curies":[{"name":"wp","href":"https:\/\/api.w.org\/{rel}","templated":true}]}}